{"id":4757,"date":"2024-09-10T13:40:45","date_gmt":"2024-09-10T13:40:45","guid":{"rendered":"https:\/\/www.villaggiodeicrodini.it\/iadi\/"},"modified":"2025-04-01T16:41:58","modified_gmt":"2025-04-01T16:41:58","slug":"iadi","status":"publish","type":"page","link":"https:\/\/www.villaggiodeicrodini.it\/fr\/iadi\/","title":{"rendered":"Iadi"},"content":{"rendered":"\t\t<div data-elementor-type=\"wp-page\" data-elementor-id=\"4757\" class=\"elementor elementor-4757 elementor-4319\" data-elementor-post-type=\"page\">\n\t\t\t\t<div class=\"elementor-element elementor-element-5b1ca01 e-con-full e-flex e-con e-parent\" data-id=\"5b1ca01\" data-element_type=\"container\" data-e-type=\"container\">\n\t\t<div class=\"elementor-element elementor-element-1427e65 e-flex e-con-boxed e-con e-child\" data-id=\"1427e65\" data-element_type=\"container\" data-e-type=\"container\">\n\t\t\t\t\t<div class=\"e-con-inner\">\n\t\t\t\t<div class=\"elementor-element elementor-element-766eff5 elementor-widget elementor-widget-heading\" data-id=\"766eff5\" data-element_type=\"widget\" data-e-type=\"widget\" data-widget_type=\"heading.default\">\n\t\t\t\t<div class=\"elementor-widget-container\">\n\t\t\t\t\t<h2 class=\"elementor-heading-title elementor-size-default\">Iadi<\/h2>\t\t\t\t<\/div>\n\t\t\t\t<\/div>\n\t\t\t\t<div class=\"elementor-element elementor-element-64b4fc0 elementor-widget elementor-widget-text-editor\" data-id=\"64b4fc0\" data-element_type=\"widget\" data-e-type=\"widget\" data-widget_type=\"text-editor.default\">\n\t\t\t\t<div class=\"elementor-widget-container\">\n\t\t\t\t\t\t\t\t\t<p>Accoeuils 2 personnes | 58 mq | 2 single lit | 1 bain<\/p>\n\t\t\t\t\t\t\t\t<\/div>\n\t\t\t\t<\/div>\n\t\t\t\t<div class=\"elementor-element elementor-element-e196981 elementor-widget elementor-widget-text-editor\" data-id=\"e196981\" data-element_type=\"widget\" data-e-type=\"widget\" data-widget_type=\"text-editor.default\">\n\t\t\t\t<div class=\"elementor-widget-container\">\n\t\t\t\t\t\t\t\t\t<p>Magnifique chalet, id\u00e9al pour deux personnes.<br \/>Au rez-de-chauss\u00e9e, un vaste s\u00e9jour avec cuisine ouverte et une grande salle de bains avec bidet et receveur de douche.<br \/>Deux lits simples se trouvent sur la mezzanine, accessible par une \u00e9chelle.<br \/>H\u00e9bergement non adapt\u00e9 aux enfants ni aux personnes ayant des probl\u00e8mes de mobilit\u00e9.<\/p>\n<p>CIN IT103026C2N6UHZPZO<span style=\"color: #1a1a1a; font-family: 'Titillium Web', Geneva, Tahoma, sans-serif; font-size: 16px; text-align: start; background-color: #f8f9fa; vertical-align: inherit;\"><span style=\"vertical-align: inherit;\"> <\/span><\/span><\/p>\n\t\t\t\t\t\t\t\t<\/div>\n\t\t\t\t<\/div>\n\t\t\t\t\t<\/div>\n\t\t\t\t<\/div>\n\t\t\t\t<\/div>\n\t\t<div class=\"elementor-element elementor-element-2a19cd1 e-grid gallery-scheda-casa e-con-boxed e-con e-parent\" data-id=\"2a19cd1\" data-element_type=\"container\" data-e-type=\"container\">\n\t\t\t\t\t<div class=\"e-con-inner\">\n\t\t\t\t<div class=\"elementor-element elementor-element-70e2bbb elementor-widget elementor-widget-image\" data-id=\"70e2bbb\" data-element_type=\"widget\" data-e-type=\"widget\" data-widget_type=\"image.default\">\n\t\t\t\t<div class=\"elementor-widget-container\">\n\t\t\t\t\t\t\t\t\t\t\t\t\t\t\t\t<a href=\"https:\/\/www.villaggiodeicrodini.it\/wp-content\/uploads\/2024\/10\/Crodo_Villaggio_dei_Crodini_2024_Baita_I_soggiorno_cucina_5620_IGO.jpg\" data-elementor-open-lightbox=\"yes\" data-elementor-lightbox-title=\"Villaggio dei Crodini, Crodo\" data-e-action-hash=\"#elementor-action%3Aaction%3Dlightbox%26settings%3DeyJpZCI6NDM4NywidXJsIjoiaHR0cHM6XC9cL3d3dy52aWxsYWdnaW9kZWljcm9kaW5pLml0XC93cC1jb250ZW50XC91cGxvYWRzXC8yMDI0XC8xMFwvQ3JvZG9fVmlsbGFnZ2lvX2RlaV9Dcm9kaW5pXzIwMjRfQmFpdGFfSV9zb2dnaW9ybm9fY3VjaW5hXzU2MjBfSUdPLndlYnAifQ%3D%3D\">\n\t\t\t\t\t\t\t<img fetchpriority=\"high\" decoding=\"async\" width=\"1350\" height=\"1080\" src=\"https:\/\/www.villaggiodeicrodini.it\/wp-content\/uploads\/2024\/10\/Crodo_Villaggio_dei_Crodini_2024_Baita_I_soggiorno_cucina_5620_IGO.webp\" class=\"attachment-full size-full wp-image-4387\" alt=\"\" \/>\t\t\t\t\t\t\t\t<\/a>\n\t\t\t\t\t\t\t\t\t\t\t\t\t\t\t<\/div>\n\t\t\t\t<\/div>\n\t\t\t\t<div class=\"elementor-element elementor-element-287b1c5 elementor-widget elementor-widget-image\" data-id=\"287b1c5\" data-element_type=\"widget\" data-e-type=\"widget\" data-widget_type=\"image.default\">\n\t\t\t\t<div class=\"elementor-widget-container\">\n\t\t\t\t\t\t\t\t\t\t\t\t\t\t\t\t<a href=\"https:\/\/www.villaggiodeicrodini.it\/wp-content\/uploads\/2024\/10\/Crodo_Villaggio_dei_Crodini_2024_Baita_I_soggiorno_cucina_5581_IGO.jpg\" data-elementor-open-lightbox=\"yes\" data-elementor-lightbox-title=\"Villaggio dei Crodini, Crodo\" data-e-action-hash=\"#elementor-action%3Aaction%3Dlightbox%26settings%3DeyJpZCI6NDM5NCwidXJsIjoiaHR0cHM6XC9cL3d3dy52aWxsYWdnaW9kZWljcm9kaW5pLml0XC93cC1jb250ZW50XC91cGxvYWRzXC8yMDI0XC8xMFwvQ3JvZG9fVmlsbGFnZ2lvX2RlaV9Dcm9kaW5pXzIwMjRfQmFpdGFfSV9zb2dnaW9ybm9fY3VjaW5hXzU1ODFfSUdPLndlYnAifQ%3D%3D\">\n\t\t\t\t\t\t\t<img decoding=\"async\" width=\"800\" height=\"640\" src=\"https:\/\/www.villaggiodeicrodini.it\/wp-content\/uploads\/2024\/10\/Crodo_Villaggio_dei_Crodini_2024_Baita_I_soggiorno_cucina_5581_IGO-1024x819.jpg\" class=\"attachment-large size-large wp-image-4394\" alt=\"\" srcset=\"https:\/\/www.villaggiodeicrodini.it\/wp-content\/uploads\/2024\/10\/Crodo_Villaggio_dei_Crodini_2024_Baita_I_soggiorno_cucina_5581_IGO-1024x819.jpg 1024w, https:\/\/www.villaggiodeicrodini.it\/wp-content\/uploads\/2024\/10\/Crodo_Villaggio_dei_Crodini_2024_Baita_I_soggiorno_cucina_5581_IGO-300x240.jpg 300w, https:\/\/www.villaggiodeicrodini.it\/wp-content\/uploads\/2024\/10\/Crodo_Villaggio_dei_Crodini_2024_Baita_I_soggiorno_cucina_5581_IGO-768x614.jpg 768w, https:\/\/www.villaggiodeicrodini.it\/wp-content\/uploads\/2024\/10\/Crodo_Villaggio_dei_Crodini_2024_Baita_I_soggiorno_cucina_5581_IGO-600x480.jpg 600w, https:\/\/www.villaggiodeicrodini.it\/wp-content\/uploads\/2024\/10\/Crodo_Villaggio_dei_Crodini_2024_Baita_I_soggiorno_cucina_5581_IGO.jpg 1350w\" sizes=\"(max-width: 800px) 100vw, 800px\" \/>\t\t\t\t\t\t\t\t<\/a>\n\t\t\t\t\t\t\t\t\t\t\t\t\t\t\t<\/div>\n\t\t\t\t<\/div>\n\t\t\t\t<div class=\"elementor-element elementor-element-81168e1 elementor-widget elementor-widget-image\" data-id=\"81168e1\" data-element_type=\"widget\" data-e-type=\"widget\" data-widget_type=\"image.default\">\n\t\t\t\t<div class=\"elementor-widget-container\">\n\t\t\t\t\t\t\t\t\t\t\t\t\t\t\t\t<a href=\"https:\/\/www.villaggiodeicrodini.it\/wp-content\/uploads\/2024\/10\/Crodo_Villaggio_dei_Crodini_2024_Baita_I_5760_IGO.jpg\" data-elementor-open-lightbox=\"yes\" data-elementor-lightbox-title=\"Villaggio dei Crodini, Crodo\" data-e-action-hash=\"#elementor-action%3Aaction%3Dlightbox%26settings%3DeyJpZCI6NDM5OCwidXJsIjoiaHR0cHM6XC9cL3d3dy52aWxsYWdnaW9kZWljcm9kaW5pLml0XC93cC1jb250ZW50XC91cGxvYWRzXC8yMDI0XC8xMFwvQ3JvZG9fVmlsbGFnZ2lvX2RlaV9Dcm9kaW5pXzIwMjRfQmFpdGFfSV81NzYwX0lHTy53ZWJwIn0%3D\">\n\t\t\t\t\t\t\t<img decoding=\"async\" width=\"800\" height=\"640\" src=\"https:\/\/www.villaggiodeicrodini.it\/wp-content\/uploads\/2024\/10\/Crodo_Villaggio_dei_Crodini_2024_Baita_I_5760_IGO-1024x819.jpg\" class=\"attachment-large size-large wp-image-4398\" alt=\"\" srcset=\"https:\/\/www.villaggiodeicrodini.it\/wp-content\/uploads\/2024\/10\/Crodo_Villaggio_dei_Crodini_2024_Baita_I_5760_IGO-1024x819.jpg 1024w, https:\/\/www.villaggiodeicrodini.it\/wp-content\/uploads\/2024\/10\/Crodo_Villaggio_dei_Crodini_2024_Baita_I_5760_IGO-300x240.jpg 300w, https:\/\/www.villaggiodeicrodini.it\/wp-content\/uploads\/2024\/10\/Crodo_Villaggio_dei_Crodini_2024_Baita_I_5760_IGO-768x614.jpg 768w, https:\/\/www.villaggiodeicrodini.it\/wp-content\/uploads\/2024\/10\/Crodo_Villaggio_dei_Crodini_2024_Baita_I_5760_IGO-600x480.jpg 600w, https:\/\/www.villaggiodeicrodini.it\/wp-content\/uploads\/2024\/10\/Crodo_Villaggio_dei_Crodini_2024_Baita_I_5760_IGO.jpg 1350w\" sizes=\"(max-width: 800px) 100vw, 800px\" \/>\t\t\t\t\t\t\t\t<\/a>\n\t\t\t\t\t\t\t\t\t\t\t\t\t\t\t<\/div>\n\t\t\t\t<\/div>\n\t\t\t\t<div class=\"elementor-element elementor-element-c680d0e elementor-widget elementor-widget-image\" data-id=\"c680d0e\" data-element_type=\"widget\" data-e-type=\"widget\" data-widget_type=\"image.default\">\n\t\t\t\t<div class=\"elementor-widget-container\">\n\t\t\t\t\t\t\t\t\t\t\t\t\t\t\t\t<a href=\"https:\/\/www.villaggiodeicrodini.it\/wp-content\/uploads\/2024\/10\/Crodo_Villaggio_dei_Crodini_2024_Baita_I_5760_IGO-1.jpg\" data-elementor-open-lightbox=\"yes\" data-elementor-lightbox-title=\"Villaggio dei Crodini, Crodo\" data-e-action-hash=\"#elementor-action%3Aaction%3Dlightbox%26settings%3DeyJpZCI6NDQwMiwidXJsIjoiaHR0cHM6XC9cL3d3dy52aWxsYWdnaW9kZWljcm9kaW5pLml0XC93cC1jb250ZW50XC91cGxvYWRzXC8yMDI0XC8xMFwvQ3JvZG9fVmlsbGFnZ2lvX2RlaV9Dcm9kaW5pXzIwMjRfQmFpdGFfSV81NzYwX0lHTy0xLndlYnAifQ%3D%3D\">\n\t\t\t\t\t\t\t<img loading=\"lazy\" decoding=\"async\" width=\"800\" height=\"640\" src=\"https:\/\/www.villaggiodeicrodini.it\/wp-content\/uploads\/2024\/10\/Crodo_Villaggio_dei_Crodini_2024_Baita_I_5760_IGO-1-1024x819.jpg\" class=\"attachment-large size-large wp-image-4402\" alt=\"\" srcset=\"https:\/\/www.villaggiodeicrodini.it\/wp-content\/uploads\/2024\/10\/Crodo_Villaggio_dei_Crodini_2024_Baita_I_5760_IGO-1-1024x819.jpg 1024w, https:\/\/www.villaggiodeicrodini.it\/wp-content\/uploads\/2024\/10\/Crodo_Villaggio_dei_Crodini_2024_Baita_I_5760_IGO-1-300x240.jpg 300w, https:\/\/www.villaggiodeicrodini.it\/wp-content\/uploads\/2024\/10\/Crodo_Villaggio_dei_Crodini_2024_Baita_I_5760_IGO-1-768x614.jpg 768w, https:\/\/www.villaggiodeicrodini.it\/wp-content\/uploads\/2024\/10\/Crodo_Villaggio_dei_Crodini_2024_Baita_I_5760_IGO-1-600x480.jpg 600w, https:\/\/www.villaggiodeicrodini.it\/wp-content\/uploads\/2024\/10\/Crodo_Villaggio_dei_Crodini_2024_Baita_I_5760_IGO-1.jpg 1350w\" sizes=\"(max-width: 800px) 100vw, 800px\" \/>\t\t\t\t\t\t\t\t<\/a>\n\t\t\t\t\t\t\t\t\t\t\t\t\t\t\t<\/div>\n\t\t\t\t<\/div>\n\t\t\t\t<div class=\"elementor-element elementor-element-c05b79a elementor-widget elementor-widget-image\" data-id=\"c05b79a\" data-element_type=\"widget\" data-e-type=\"widget\" data-widget_type=\"image.default\">\n\t\t\t\t<div class=\"elementor-widget-container\">\n\t\t\t\t\t\t\t\t\t\t\t\t\t\t\t\t<a href=\"https:\/\/www.villaggiodeicrodini.it\/wp-content\/uploads\/2024\/10\/Crodo_Villaggio_dei_Crodini_2024_Baita_I_camera_5736_IGO.jpg\" data-elementor-open-lightbox=\"yes\" data-elementor-lightbox-title=\"Villaggio dei Crodini, Crodo\" data-e-action-hash=\"#elementor-action%3Aaction%3Dlightbox%26settings%3DeyJpZCI6NDQwNiwidXJsIjoiaHR0cHM6XC9cL3d3dy52aWxsYWdnaW9kZWljcm9kaW5pLml0XC93cC1jb250ZW50XC91cGxvYWRzXC8yMDI0XC8xMFwvQ3JvZG9fVmlsbGFnZ2lvX2RlaV9Dcm9kaW5pXzIwMjRfQmFpdGFfSV9jYW1lcmFfNTczNl9JR08ud2VicCJ9\">\n\t\t\t\t\t\t\t<img loading=\"lazy\" decoding=\"async\" width=\"800\" height=\"640\" src=\"https:\/\/www.villaggiodeicrodini.it\/wp-content\/uploads\/2024\/10\/Crodo_Villaggio_dei_Crodini_2024_Baita_I_camera_5736_IGO-1024x819.jpg\" class=\"attachment-large size-large wp-image-4406\" alt=\"\" srcset=\"https:\/\/www.villaggiodeicrodini.it\/wp-content\/uploads\/2024\/10\/Crodo_Villaggio_dei_Crodini_2024_Baita_I_camera_5736_IGO-1024x819.jpg 1024w, https:\/\/www.villaggiodeicrodini.it\/wp-content\/uploads\/2024\/10\/Crodo_Villaggio_dei_Crodini_2024_Baita_I_camera_5736_IGO-300x240.jpg 300w, https:\/\/www.villaggiodeicrodini.it\/wp-content\/uploads\/2024\/10\/Crodo_Villaggio_dei_Crodini_2024_Baita_I_camera_5736_IGO-768x614.jpg 768w, https:\/\/www.villaggiodeicrodini.it\/wp-content\/uploads\/2024\/10\/Crodo_Villaggio_dei_Crodini_2024_Baita_I_camera_5736_IGO-600x480.jpg 600w, https:\/\/www.villaggiodeicrodini.it\/wp-content\/uploads\/2024\/10\/Crodo_Villaggio_dei_Crodini_2024_Baita_I_camera_5736_IGO.jpg 1350w\" sizes=\"(max-width: 800px) 100vw, 800px\" \/>\t\t\t\t\t\t\t\t<\/a>\n\t\t\t\t\t\t\t\t\t\t\t\t\t\t\t<\/div>\n\t\t\t\t<\/div>\n\t\t\t\t<div class=\"elementor-element elementor-element-9bad8f7 elementor-widget elementor-widget-image\" data-id=\"9bad8f7\" data-element_type=\"widget\" data-e-type=\"widget\" data-widget_type=\"image.default\">\n\t\t\t\t<div class=\"elementor-widget-container\">\n\t\t\t\t\t\t\t\t\t\t\t\t\t\t\t\t<a href=\"https:\/\/www.villaggiodeicrodini.it\/wp-content\/uploads\/2024\/10\/Crodo_Villaggio_dei_Crodini_2024_Baita_I_bagno_5656_IGO.jpg\" data-elementor-open-lightbox=\"yes\" data-elementor-lightbox-title=\"Villaggio dei Crodini, Crodo\" data-e-action-hash=\"#elementor-action%3Aaction%3Dlightbox%26settings%3DeyJpZCI6NDQxMywidXJsIjoiaHR0cHM6XC9cL3d3dy52aWxsYWdnaW9kZWljcm9kaW5pLml0XC93cC1jb250ZW50XC91cGxvYWRzXC8yMDI0XC8xMFwvQ3JvZG9fVmlsbGFnZ2lvX2RlaV9Dcm9kaW5pXzIwMjRfQmFpdGFfSV9iYWdub181NjU2X0lHTy53ZWJwIn0%3D\">\n\t\t\t\t\t\t\t<img loading=\"lazy\" decoding=\"async\" width=\"800\" height=\"640\" src=\"https:\/\/www.villaggiodeicrodini.it\/wp-content\/uploads\/2024\/10\/Crodo_Villaggio_dei_Crodini_2024_Baita_I_bagno_5656_IGO-1024x819.jpg\" class=\"attachment-large size-large wp-image-4413\" alt=\"\" srcset=\"https:\/\/www.villaggiodeicrodini.it\/wp-content\/uploads\/2024\/10\/Crodo_Villaggio_dei_Crodini_2024_Baita_I_bagno_5656_IGO-1024x819.jpg 1024w, https:\/\/www.villaggiodeicrodini.it\/wp-content\/uploads\/2024\/10\/Crodo_Villaggio_dei_Crodini_2024_Baita_I_bagno_5656_IGO-300x240.jpg 300w, https:\/\/www.villaggiodeicrodini.it\/wp-content\/uploads\/2024\/10\/Crodo_Villaggio_dei_Crodini_2024_Baita_I_bagno_5656_IGO-768x614.jpg 768w, https:\/\/www.villaggiodeicrodini.it\/wp-content\/uploads\/2024\/10\/Crodo_Villaggio_dei_Crodini_2024_Baita_I_bagno_5656_IGO-600x480.jpg 600w, https:\/\/www.villaggiodeicrodini.it\/wp-content\/uploads\/2024\/10\/Crodo_Villaggio_dei_Crodini_2024_Baita_I_bagno_5656_IGO.jpg 1350w\" sizes=\"(max-width: 800px) 100vw, 800px\" \/>\t\t\t\t\t\t\t\t<\/a>\n\t\t\t\t\t\t\t\t\t\t\t\t\t\t\t<\/div>\n\t\t\t\t<\/div>\n\t\t\t\t<div class=\"elementor-element elementor-element-d346f55 elementor-widget elementor-widget-image\" data-id=\"d346f55\" data-element_type=\"widget\" data-e-type=\"widget\" data-widget_type=\"image.default\">\n\t\t\t\t<div class=\"elementor-widget-container\">\n\t\t\t\t\t\t\t\t\t\t\t\t\t\t\t\t<a href=\"https:\/\/www.villaggiodeicrodini.it\/wp-content\/uploads\/2024\/10\/Crodo_Villaggio_dei_Crodini_2024_Baita_I_bagno_5664_IGO.jpg\" data-elementor-open-lightbox=\"yes\" data-elementor-lightbox-title=\"Villaggio dei Crodini, Crodo\" data-e-action-hash=\"#elementor-action%3Aaction%3Dlightbox%26settings%3DeyJpZCI6NDQxNywidXJsIjoiaHR0cHM6XC9cL3d3dy52aWxsYWdnaW9kZWljcm9kaW5pLml0XC93cC1jb250ZW50XC91cGxvYWRzXC8yMDI0XC8xMFwvQ3JvZG9fVmlsbGFnZ2lvX2RlaV9Dcm9kaW5pXzIwMjRfQmFpdGFfSV9iYWdub181NjY0X0lHTy53ZWJwIn0%3D\">\n\t\t\t\t\t\t\t<img loading=\"lazy\" decoding=\"async\" width=\"800\" height=\"640\" src=\"https:\/\/www.villaggiodeicrodini.it\/wp-content\/uploads\/2024\/10\/Crodo_Villaggio_dei_Crodini_2024_Baita_I_bagno_5664_IGO-1024x819.jpg\" class=\"attachment-large size-large wp-image-4417\" alt=\"\" srcset=\"https:\/\/www.villaggiodeicrodini.it\/wp-content\/uploads\/2024\/10\/Crodo_Villaggio_dei_Crodini_2024_Baita_I_bagno_5664_IGO-1024x819.jpg 1024w, https:\/\/www.villaggiodeicrodini.it\/wp-content\/uploads\/2024\/10\/Crodo_Villaggio_dei_Crodini_2024_Baita_I_bagno_5664_IGO-300x240.jpg 300w, https:\/\/www.villaggiodeicrodini.it\/wp-content\/uploads\/2024\/10\/Crodo_Villaggio_dei_Crodini_2024_Baita_I_bagno_5664_IGO-768x614.jpg 768w, https:\/\/www.villaggiodeicrodini.it\/wp-content\/uploads\/2024\/10\/Crodo_Villaggio_dei_Crodini_2024_Baita_I_bagno_5664_IGO-600x480.jpg 600w, https:\/\/www.villaggiodeicrodini.it\/wp-content\/uploads\/2024\/10\/Crodo_Villaggio_dei_Crodini_2024_Baita_I_bagno_5664_IGO.jpg 1350w\" sizes=\"(max-width: 800px) 100vw, 800px\" \/>\t\t\t\t\t\t\t\t<\/a>\n\t\t\t\t\t\t\t\t\t\t\t\t\t\t\t<\/div>\n\t\t\t\t<\/div>\n\t\t\t\t<div class=\"elementor-element elementor-element-156f17d elementor-widget elementor-widget-image\" data-id=\"156f17d\" data-element_type=\"widget\" data-e-type=\"widget\" data-widget_type=\"image.default\">\n\t\t\t\t<div class=\"elementor-widget-container\">\n\t\t\t\t\t\t\t\t\t\t\t\t\t\t\t\t<a href=\"https:\/\/www.villaggiodeicrodini.it\/wp-content\/uploads\/2024\/10\/Crodo_Villaggio_dei_Crodini_2024_Baita_I_camera_5736_IGO-1.jpg\" data-elementor-open-lightbox=\"yes\" data-elementor-lightbox-title=\"Villaggio dei Crodini, Crodo\" data-e-action-hash=\"#elementor-action%3Aaction%3Dlightbox%26settings%3DeyJpZCI6NDQyMSwidXJsIjoiaHR0cHM6XC9cL3d3dy52aWxsYWdnaW9kZWljcm9kaW5pLml0XC93cC1jb250ZW50XC91cGxvYWRzXC8yMDI0XC8xMFwvQ3JvZG9fVmlsbGFnZ2lvX2RlaV9Dcm9kaW5pXzIwMjRfQmFpdGFfSV9jYW1lcmFfNTczNl9JR08tMS53ZWJwIn0%3D\">\n\t\t\t\t\t\t\t<img loading=\"lazy\" decoding=\"async\" width=\"800\" height=\"640\" src=\"https:\/\/www.villaggiodeicrodini.it\/wp-content\/uploads\/2024\/10\/Crodo_Villaggio_dei_Crodini_2024_Baita_I_camera_5736_IGO-1-1024x819.jpg\" class=\"attachment-large size-large wp-image-4421\" alt=\"\" srcset=\"https:\/\/www.villaggiodeicrodini.it\/wp-content\/uploads\/2024\/10\/Crodo_Villaggio_dei_Crodini_2024_Baita_I_camera_5736_IGO-1-1024x819.jpg 1024w, https:\/\/www.villaggiodeicrodini.it\/wp-content\/uploads\/2024\/10\/Crodo_Villaggio_dei_Crodini_2024_Baita_I_camera_5736_IGO-1-300x240.jpg 300w, https:\/\/www.villaggiodeicrodini.it\/wp-content\/uploads\/2024\/10\/Crodo_Villaggio_dei_Crodini_2024_Baita_I_camera_5736_IGO-1-768x614.jpg 768w, https:\/\/www.villaggiodeicrodini.it\/wp-content\/uploads\/2024\/10\/Crodo_Villaggio_dei_Crodini_2024_Baita_I_camera_5736_IGO-1-600x480.jpg 600w, https:\/\/www.villaggiodeicrodini.it\/wp-content\/uploads\/2024\/10\/Crodo_Villaggio_dei_Crodini_2024_Baita_I_camera_5736_IGO-1.jpg 1350w\" sizes=\"(max-width: 800px) 100vw, 800px\" \/>\t\t\t\t\t\t\t\t<\/a>\n\t\t\t\t\t\t\t\t\t\t\t\t\t\t\t<\/div>\n\t\t\t\t<\/div>\n\t\t\t\t<div class=\"elementor-element elementor-element-c3ed5b5 elementor-widget elementor-widget-image\" data-id=\"c3ed5b5\" data-element_type=\"widget\" data-e-type=\"widget\" data-widget_type=\"image.default\">\n\t\t\t\t<div class=\"elementor-widget-container\">\n\t\t\t\t\t\t\t\t\t\t\t\t\t\t\t\t<a href=\"https:\/\/www.villaggiodeicrodini.it\/wp-content\/uploads\/2024\/10\/Crodo_Villaggio_dei_Crodini_2024_Baita_I_esterno_6013_IGO.jpg\" data-elementor-open-lightbox=\"yes\" data-elementor-lightbox-title=\"Villaggio dei Crodini, Crodo\" data-e-action-hash=\"#elementor-action%3Aaction%3Dlightbox%26settings%3DeyJpZCI6NDQyOCwidXJsIjoiaHR0cHM6XC9cL3d3dy52aWxsYWdnaW9kZWljcm9kaW5pLml0XC93cC1jb250ZW50XC91cGxvYWRzXC8yMDI0XC8xMFwvQ3JvZG9fVmlsbGFnZ2lvX2RlaV9Dcm9kaW5pXzIwMjRfQmFpdGFfSV9lc3Rlcm5vXzYwMTNfSUdPLndlYnAifQ%3D%3D\">\n\t\t\t\t\t\t\t<img loading=\"lazy\" decoding=\"async\" width=\"800\" height=\"640\" src=\"https:\/\/www.villaggiodeicrodini.it\/wp-content\/uploads\/2024\/10\/Crodo_Villaggio_dei_Crodini_2024_Baita_I_esterno_6013_IGO-1024x819.jpg\" class=\"attachment-large size-large wp-image-4428\" alt=\"\" srcset=\"https:\/\/www.villaggiodeicrodini.it\/wp-content\/uploads\/2024\/10\/Crodo_Villaggio_dei_Crodini_2024_Baita_I_esterno_6013_IGO-1024x819.jpg 1024w, https:\/\/www.villaggiodeicrodini.it\/wp-content\/uploads\/2024\/10\/Crodo_Villaggio_dei_Crodini_2024_Baita_I_esterno_6013_IGO-300x240.jpg 300w, https:\/\/www.villaggiodeicrodini.it\/wp-content\/uploads\/2024\/10\/Crodo_Villaggio_dei_Crodini_2024_Baita_I_esterno_6013_IGO-768x614.jpg 768w, https:\/\/www.villaggiodeicrodini.it\/wp-content\/uploads\/2024\/10\/Crodo_Villaggio_dei_Crodini_2024_Baita_I_esterno_6013_IGO-600x480.jpg 600w, https:\/\/www.villaggiodeicrodini.it\/wp-content\/uploads\/2024\/10\/Crodo_Villaggio_dei_Crodini_2024_Baita_I_esterno_6013_IGO.jpg 1350w\" sizes=\"(max-width: 800px) 100vw, 800px\" \/>\t\t\t\t\t\t\t\t<\/a>\n\t\t\t\t\t\t\t\t\t\t\t\t\t\t\t<\/div>\n\t\t\t\t<\/div>\n\t\t\t\t\t<\/div>\n\t\t\t\t<\/div>\n\t\t<div class=\"elementor-element elementor-element-13818b2 e-flex e-con-boxed e-con e-parent\" data-id=\"13818b2\" data-element_type=\"container\" data-e-type=\"container\">\n\t\t\t\t\t<div class=\"e-con-inner\">\n\t\t\t\t<div class=\"elementor-element elementor-element-ad6176b elementor-widget elementor-widget-spacer\" data-id=\"ad6176b\" data-element_type=\"widget\" data-e-type=\"widget\" data-widget_type=\"spacer.default\">\n\t\t\t\t<div class=\"elementor-widget-container\">\n\t\t\t\t\t\t\t<div class=\"elementor-spacer\">\n\t\t\t<div class=\"elementor-spacer-inner\"><\/div>\n\t\t<\/div>\n\t\t\t\t\t\t<\/div>\n\t\t\t\t<\/div>\n\t\t<div class=\"elementor-element elementor-element-8771526 e-flex e-con-boxed e-con e-child\" data-id=\"8771526\" data-element_type=\"container\" data-e-type=\"container\">\n\t\t\t\t\t<div class=\"e-con-inner\">\n\t\t\t\t<div class=\"elementor-element elementor-element-b6b7cc5 elementor-widget__width-inherit elementor-widget elementor-widget-heading\" data-id=\"b6b7cc5\" data-element_type=\"widget\" data-e-type=\"widget\" data-widget_type=\"heading.default\">\n\t\t\t\t<div class=\"elementor-widget-container\">\n\t\t\t\t\t<h3 class=\"elementor-heading-title elementor-size-default\"><p>Services<span><\/span><\/p><\/h3>\t\t\t\t<\/div>\n\t\t\t\t<\/div>\n\t\t<div class=\"elementor-element elementor-element-e5fb446 e-flex e-con-boxed e-con e-child\" data-id=\"e5fb446\" data-element_type=\"container\" data-e-type=\"container\">\n\t\t\t\t\t<div class=\"e-con-inner\">\n\t\t\t\t<div class=\"elementor-element elementor-element-3bcfd9a elementor-widget__width-inherit elementor-widget elementor-widget-text-editor\" data-id=\"3bcfd9a\" data-element_type=\"widget\" data-e-type=\"widget\" data-widget_type=\"text-editor.default\">\n\t\t\t\t<div class=\"elementor-widget-container\">\n\t\t\t\t\t\t\t\t\t\n<table id=\"tablepress-9\" class=\"tablepress tablepress-id-9\">\n<tbody class=\"row-striping row-hover\">\n<tr class=\"row-1\">\n\t<td class=\"column-1\">TV <\/td><td class=\"column-2\">Bidet<\/td>\n<\/tr>\n<tr class=\"row-2\">\n\t<td class=\"column-1\">Wifi Starlink<\/td><td class=\"column-2\">Posto auto all&rsquo;aperto non custodito<\/td>\n<\/tr>\n<tr class=\"row-3\">\n\t<td class=\"column-1\">Adattatore<\/td><td class=\"column-2\">Pannelli solari<\/td>\n<\/tr>\n<tr class=\"row-4\">\n\t<td class=\"column-1\">Asciugacapelli<\/td><td class=\"column-2\">Stufa a legna<\/td>\n<\/tr>\n<tr class=\"row-5\">\n\t<td class=\"column-1\">Doccia<\/td><td class=\"column-2\">Piano a induzione<\/td>\n<\/tr>\n<tr class=\"row-6\">\n\t<td class=\"column-1\">TV satellitare<\/td><td class=\"column-2\">Riscaldamento <\/td>\n<\/tr>\n<tr class=\"row-7\">\n\t<td class=\"column-1\">Giardino<\/td><td class=\"column-2\">Boiler acqua calda<\/td>\n<\/tr>\n<tr class=\"row-8\">\n\t<td class=\"column-1\">Asciugacapelli<\/td><td class=\"column-2\">Legna da ardere<\/td>\n<\/tr>\n<\/tbody>\n<\/table>\n<!-- #tablepress-9 from cache -->\n\t\t\t\t\t\t\t\t<\/div>\n\t\t\t\t<\/div>\n\t\t\t\t\t<\/div>\n\t\t\t\t<\/div>\n\t\t\t\t<div class=\"elementor-element elementor-element-dfccf79 elementor-widget elementor-widget-spacer\" data-id=\"dfccf79\" data-element_type=\"widget\" data-e-type=\"widget\" data-widget_type=\"spacer.default\">\n\t\t\t\t<div class=\"elementor-widget-container\">\n\t\t\t\t\t\t\t<div class=\"elementor-spacer\">\n\t\t\t<div class=\"elementor-spacer-inner\"><\/div>\n\t\t<\/div>\n\t\t\t\t\t\t<\/div>\n\t\t\t\t<\/div>\n\t\t\t\t\t<\/div>\n\t\t\t\t<\/div>\n\t\t\t\t\t<\/div>\n\t\t\t\t<\/div>\n\t\t\t\t<\/div>\n\t\t","protected":false},"excerpt":{"rendered":"<p>Iadi Accoeuils 2 personnes | 58 mq | 2 single lit | 1 bain Magnifique chalet, id\u00e9al pour deux personnes.Au rez-de-chauss\u00e9e, un vaste s\u00e9jour avec cuisine ouverte et une grande salle de bains avec bidet et receveur de douche.Deux lits simples se trouvent sur la mezzanine, accessible par une \u00e9chelle.H\u00e9bergement non adapt\u00e9 aux enfants ni [&hellip;]<\/p>\n","protected":false},"author":1,"featured_media":0,"parent":0,"menu_order":0,"comment_status":"closed","ping_status":"closed","template":"","meta":{"footnotes":""},"class_list":["post-4757","page","type-page","status-publish","hentry"],"_links":{"self":[{"href":"https:\/\/www.villaggiodeicrodini.it\/fr\/wp-json\/wp\/v2\/pages\/4757","targetHints":{"allow":["GET"]}}],"collection":[{"href":"https:\/\/www.villaggiodeicrodini.it\/fr\/wp-json\/wp\/v2\/pages"}],"about":[{"href":"https:\/\/www.villaggiodeicrodini.it\/fr\/wp-json\/wp\/v2\/types\/page"}],"author":[{"embeddable":true,"href":"https:\/\/www.villaggiodeicrodini.it\/fr\/wp-json\/wp\/v2\/users\/1"}],"replies":[{"embeddable":true,"href":"https:\/\/www.villaggiodeicrodini.it\/fr\/wp-json\/wp\/v2\/comments?post=4757"}],"version-history":[{"count":2,"href":"https:\/\/www.villaggiodeicrodini.it\/fr\/wp-json\/wp\/v2\/pages\/4757\/revisions"}],"predecessor-version":[{"id":4858,"href":"https:\/\/www.villaggiodeicrodini.it\/fr\/wp-json\/wp\/v2\/pages\/4757\/revisions\/4858"}],"wp:attachment":[{"href":"https:\/\/www.villaggiodeicrodini.it\/fr\/wp-json\/wp\/v2\/media?parent=4757"}],"curies":[{"name":"wp","href":"https:\/\/api.w.org\/{rel}","templated":true}]}}