{"id":4766,"date":"2024-09-10T13:46:51","date_gmt":"2024-09-10T13:46:51","guid":{"rendered":"https:\/\/www.villaggiodeicrodini.it\/eyra\/"},"modified":"2025-04-01T16:15:00","modified_gmt":"2025-04-01T16:15:00","slug":"eyra","status":"publish","type":"page","link":"https:\/\/www.villaggiodeicrodini.it\/fr\/eyra\/","title":{"rendered":"Eyra"},"content":{"rendered":"\t\t<div data-elementor-type=\"wp-page\" data-elementor-id=\"4766\" class=\"elementor elementor-4766 elementor-4327\" data-elementor-post-type=\"page\">\n\t\t\t\t<div class=\"elementor-element elementor-element-5b1ca01 e-con-full e-flex e-con e-parent\" data-id=\"5b1ca01\" data-element_type=\"container\" data-e-type=\"container\">\n\t\t<div class=\"elementor-element elementor-element-1427e65 e-flex e-con-boxed e-con e-child\" data-id=\"1427e65\" data-element_type=\"container\" data-e-type=\"container\">\n\t\t\t\t\t<div class=\"e-con-inner\">\n\t\t\t\t<div class=\"elementor-element elementor-element-766eff5 elementor-widget elementor-widget-heading\" data-id=\"766eff5\" data-element_type=\"widget\" data-e-type=\"widget\" data-widget_type=\"heading.default\">\n\t\t\t\t<div class=\"elementor-widget-container\">\n\t\t\t\t\t<h2 class=\"elementor-heading-title elementor-size-default\">Eyra<\/h2>\t\t\t\t<\/div>\n\t\t\t\t<\/div>\n\t\t\t\t<div class=\"elementor-element elementor-element-64b4fc0 elementor-widget elementor-widget-text-editor\" data-id=\"64b4fc0\" data-element_type=\"widget\" data-e-type=\"widget\" data-widget_type=\"text-editor.default\">\n\t\t\t\t<div class=\"elementor-widget-container\">\n\t\t\t\t\t\t\t\t\t<p>Accoeuils 6 person&nbsp; &nbsp;|&nbsp; &nbsp;58 mq&nbsp; &nbsp;|&nbsp; &nbsp;1 lit double&nbsp; |&nbsp; &nbsp;1 lit superexpose&nbsp; &nbsp; |&nbsp; &nbsp;1 canape-lit<\/p>\n\t\t\t\t\t\t\t\t<\/div>\n\t\t\t\t<\/div>\n\t\t\t\t<div class=\"elementor-element elementor-element-e196981 elementor-widget elementor-widget-text-editor\" data-id=\"e196981\" data-element_type=\"widget\" data-e-type=\"widget\" data-widget_type=\"text-editor.default\">\n\t\t\t\t<div class=\"elementor-widget-container\">\n\t\t\t\t\t\t\t\t\t<div class=\"j-block-text style__text rooms-model-4__short-description\">\n<p>Chalet pouvant accueillir jusqu&rsquo;\u00e0 6 personnes, mais id\u00e9al pour quatre.<br \/>Au rez-de-chauss\u00e9e, attenant au jardin, se trouve un salon avec un canap\u00e9-lit double et un po\u00eale \u00e0 bois, ainsi qu&rsquo;un coin cuisine avec espace repas.<br \/>\u00c0 l\u2019\u00e9tage nuit, il y a une chambre double avec balcon, une petite chambre avec un lit superpos\u00e9 de style ossolan et une salle de bains confortable avec bidet.<br \/>L&rsquo;ensemble est compl\u00e9t\u00e9 par un jardin soign\u00e9 offrant une vue sur la vall\u00e9e et la for\u00eat voisine.<\/p>\n<\/div>\n<p>CIR 10302600028 REGIONE PIEMONTE<\/p>\n\t\t\t\t\t\t\t\t<\/div>\n\t\t\t\t<\/div>\n\t\t\t\t\t<\/div>\n\t\t\t\t<\/div>\n\t\t\t\t<\/div>\n\t\t<div class=\"elementor-element elementor-element-2a19cd1 e-grid gallery-scheda-casa e-con-boxed e-con e-parent\" data-id=\"2a19cd1\" data-element_type=\"container\" data-e-type=\"container\">\n\t\t\t\t\t<div class=\"e-con-inner\">\n\t\t\t\t<div class=\"elementor-element elementor-element-9bad8f7 elementor-widget elementor-widget-image\" data-id=\"9bad8f7\" data-element_type=\"widget\" data-e-type=\"widget\" data-widget_type=\"image.default\">\n\t\t\t\t<div class=\"elementor-widget-container\">\n\t\t\t\t\t\t\t\t\t\t\t\t\t\t\t\t<a href=\"https:\/\/www.villaggiodeicrodini.it\/wp-content\/uploads\/2024\/08\/Crodo_Villaggio_dei_Crodini_2024_Baita_E_esterno_8839_LR.jpg\" data-elementor-open-lightbox=\"yes\" data-elementor-lightbox-title=\"Crodo_Villaggio_dei_Crodini_2024_Baita_E_esterno_8839_LR\" data-e-action-hash=\"#elementor-action%3Aaction%3Dlightbox%26settings%3DeyJpZCI6MzcwMCwidXJsIjoiaHR0cHM6XC9cL3d3dy52aWxsYWdnaW9kZWljcm9kaW5pLml0XC93cC1jb250ZW50XC91cGxvYWRzXC8yMDI0XC8wOFwvQ3JvZG9fVmlsbGFnZ2lvX2RlaV9Dcm9kaW5pXzIwMjRfQmFpdGFfRV9lc3Rlcm5vXzg4MzlfTFIuanBnIn0%3D\">\n\t\t\t\t\t\t\t<img fetchpriority=\"high\" decoding=\"async\" width=\"800\" height=\"534\" src=\"https:\/\/www.villaggiodeicrodini.it\/wp-content\/uploads\/2024\/08\/Crodo_Villaggio_dei_Crodini_2024_Baita_E_esterno_8839_LR-1024x683.jpg\" class=\"attachment-large size-large wp-image-3700\" alt=\"\" srcset=\"https:\/\/www.villaggiodeicrodini.it\/wp-content\/uploads\/2024\/08\/Crodo_Villaggio_dei_Crodini_2024_Baita_E_esterno_8839_LR-1024x683.jpg 1024w, https:\/\/www.villaggiodeicrodini.it\/wp-content\/uploads\/2024\/08\/Crodo_Villaggio_dei_Crodini_2024_Baita_E_esterno_8839_LR-300x200.jpg 300w, https:\/\/www.villaggiodeicrodini.it\/wp-content\/uploads\/2024\/08\/Crodo_Villaggio_dei_Crodini_2024_Baita_E_esterno_8839_LR-768x512.jpg 768w, https:\/\/www.villaggiodeicrodini.it\/wp-content\/uploads\/2024\/08\/Crodo_Villaggio_dei_Crodini_2024_Baita_E_esterno_8839_LR-1536x1024.jpg 1536w, https:\/\/www.villaggiodeicrodini.it\/wp-content\/uploads\/2024\/08\/Crodo_Villaggio_dei_Crodini_2024_Baita_E_esterno_8839_LR-600x400.jpg 600w, https:\/\/www.villaggiodeicrodini.it\/wp-content\/uploads\/2024\/08\/Crodo_Villaggio_dei_Crodini_2024_Baita_E_esterno_8839_LR.jpg 1800w\" sizes=\"(max-width: 800px) 100vw, 800px\" \/>\t\t\t\t\t\t\t\t<\/a>\n\t\t\t\t\t\t\t\t\t\t\t\t\t\t\t<\/div>\n\t\t\t\t<\/div>\n\t\t\t\t<div class=\"elementor-element elementor-element-81168e1 elementor-widget elementor-widget-image\" data-id=\"81168e1\" data-element_type=\"widget\" data-e-type=\"widget\" data-widget_type=\"image.default\">\n\t\t\t\t<div class=\"elementor-widget-container\">\n\t\t\t\t\t\t\t\t\t\t\t\t\t\t\t\t<a href=\"https:\/\/www.villaggiodeicrodini.it\/wp-content\/uploads\/2024\/08\/Crodo_Villaggio_dei_Crodini_2024_Baita_E_soggiorno_cucina_0279_LR.jpg\" data-elementor-open-lightbox=\"yes\" data-elementor-lightbox-title=\"Crodo_Villaggio_dei_Crodini_2024_Baita_E_soggiorno_cucina_0279_LR\" data-e-action-hash=\"#elementor-action%3Aaction%3Dlightbox%26settings%3DeyJpZCI6MzcwNywidXJsIjoiaHR0cHM6XC9cL3d3dy52aWxsYWdnaW9kZWljcm9kaW5pLml0XC93cC1jb250ZW50XC91cGxvYWRzXC8yMDI0XC8wOFwvQ3JvZG9fVmlsbGFnZ2lvX2RlaV9Dcm9kaW5pXzIwMjRfQmFpdGFfRV9zb2dnaW9ybm9fY3VjaW5hXzAyNzlfTFIuanBnIn0%3D\">\n\t\t\t\t\t\t\t<img decoding=\"async\" width=\"800\" height=\"534\" src=\"https:\/\/www.villaggiodeicrodini.it\/wp-content\/uploads\/2024\/08\/Crodo_Villaggio_dei_Crodini_2024_Baita_E_soggiorno_cucina_0279_LR-1024x683.jpg\" class=\"attachment-large size-large wp-image-3707\" alt=\"\" srcset=\"https:\/\/www.villaggiodeicrodini.it\/wp-content\/uploads\/2024\/08\/Crodo_Villaggio_dei_Crodini_2024_Baita_E_soggiorno_cucina_0279_LR-1024x683.jpg 1024w, https:\/\/www.villaggiodeicrodini.it\/wp-content\/uploads\/2024\/08\/Crodo_Villaggio_dei_Crodini_2024_Baita_E_soggiorno_cucina_0279_LR-300x200.jpg 300w, https:\/\/www.villaggiodeicrodini.it\/wp-content\/uploads\/2024\/08\/Crodo_Villaggio_dei_Crodini_2024_Baita_E_soggiorno_cucina_0279_LR-768x512.jpg 768w, https:\/\/www.villaggiodeicrodini.it\/wp-content\/uploads\/2024\/08\/Crodo_Villaggio_dei_Crodini_2024_Baita_E_soggiorno_cucina_0279_LR-1536x1024.jpg 1536w, https:\/\/www.villaggiodeicrodini.it\/wp-content\/uploads\/2024\/08\/Crodo_Villaggio_dei_Crodini_2024_Baita_E_soggiorno_cucina_0279_LR-600x400.jpg 600w, https:\/\/www.villaggiodeicrodini.it\/wp-content\/uploads\/2024\/08\/Crodo_Villaggio_dei_Crodini_2024_Baita_E_soggiorno_cucina_0279_LR.jpg 1800w\" sizes=\"(max-width: 800px) 100vw, 800px\" \/>\t\t\t\t\t\t\t\t<\/a>\n\t\t\t\t\t\t\t\t\t\t\t\t\t\t\t<\/div>\n\t\t\t\t<\/div>\n\t\t\t\t<div class=\"elementor-element elementor-element-287b1c5 elementor-widget elementor-widget-image\" data-id=\"287b1c5\" data-element_type=\"widget\" data-e-type=\"widget\" data-widget_type=\"image.default\">\n\t\t\t\t<div class=\"elementor-widget-container\">\n\t\t\t\t\t\t\t\t\t\t\t\t\t\t\t\t<a href=\"https:\/\/www.villaggiodeicrodini.it\/wp-content\/uploads\/2024\/08\/Crodo_Villaggio_dei_Crodini_2024_Baita_E_soggiorno_cucina_0311_LR.jpg\" data-elementor-open-lightbox=\"yes\" data-elementor-lightbox-title=\"Crodo_Villaggio_dei_Crodini_2024_Baita_E_soggiorno_cucina_0311_LR\" data-e-action-hash=\"#elementor-action%3Aaction%3Dlightbox%26settings%3DeyJpZCI6MzcxMSwidXJsIjoiaHR0cHM6XC9cL3d3dy52aWxsYWdnaW9kZWljcm9kaW5pLml0XC93cC1jb250ZW50XC91cGxvYWRzXC8yMDI0XC8wOFwvQ3JvZG9fVmlsbGFnZ2lvX2RlaV9Dcm9kaW5pXzIwMjRfQmFpdGFfRV9zb2dnaW9ybm9fY3VjaW5hXzAzMTFfTFIuanBnIn0%3D\">\n\t\t\t\t\t\t\t<img decoding=\"async\" width=\"800\" height=\"534\" src=\"https:\/\/www.villaggiodeicrodini.it\/wp-content\/uploads\/2024\/08\/Crodo_Villaggio_dei_Crodini_2024_Baita_E_soggiorno_cucina_0311_LR-1024x683.jpg\" class=\"attachment-large size-large wp-image-3711\" alt=\"\" srcset=\"https:\/\/www.villaggiodeicrodini.it\/wp-content\/uploads\/2024\/08\/Crodo_Villaggio_dei_Crodini_2024_Baita_E_soggiorno_cucina_0311_LR-1024x683.jpg 1024w, https:\/\/www.villaggiodeicrodini.it\/wp-content\/uploads\/2024\/08\/Crodo_Villaggio_dei_Crodini_2024_Baita_E_soggiorno_cucina_0311_LR-300x200.jpg 300w, https:\/\/www.villaggiodeicrodini.it\/wp-content\/uploads\/2024\/08\/Crodo_Villaggio_dei_Crodini_2024_Baita_E_soggiorno_cucina_0311_LR-768x512.jpg 768w, https:\/\/www.villaggiodeicrodini.it\/wp-content\/uploads\/2024\/08\/Crodo_Villaggio_dei_Crodini_2024_Baita_E_soggiorno_cucina_0311_LR-1536x1024.jpg 1536w, https:\/\/www.villaggiodeicrodini.it\/wp-content\/uploads\/2024\/08\/Crodo_Villaggio_dei_Crodini_2024_Baita_E_soggiorno_cucina_0311_LR-600x400.jpg 600w, https:\/\/www.villaggiodeicrodini.it\/wp-content\/uploads\/2024\/08\/Crodo_Villaggio_dei_Crodini_2024_Baita_E_soggiorno_cucina_0311_LR.jpg 1800w\" sizes=\"(max-width: 800px) 100vw, 800px\" \/>\t\t\t\t\t\t\t\t<\/a>\n\t\t\t\t\t\t\t\t\t\t\t\t\t\t\t<\/div>\n\t\t\t\t<\/div>\n\t\t\t\t<div class=\"elementor-element elementor-element-c05b79a elementor-widget elementor-widget-image\" data-id=\"c05b79a\" data-element_type=\"widget\" data-e-type=\"widget\" data-widget_type=\"image.default\">\n\t\t\t\t<div class=\"elementor-widget-container\">\n\t\t\t\t\t\t\t\t\t\t\t\t\t\t\t\t<a href=\"https:\/\/www.villaggiodeicrodini.it\/wp-content\/uploads\/2024\/08\/Crodo_Villaggio_dei_Crodini_2024_Baita_E_camera_0192_LR.jpg\" data-elementor-open-lightbox=\"yes\" data-elementor-lightbox-title=\"Crodo_Villaggio_dei_Crodini_2024_Baita_E_camera_0192_LR\" data-e-action-hash=\"#elementor-action%3Aaction%3Dlightbox%26settings%3DeyJpZCI6MzcyMCwidXJsIjoiaHR0cHM6XC9cL3d3dy52aWxsYWdnaW9kZWljcm9kaW5pLml0XC93cC1jb250ZW50XC91cGxvYWRzXC8yMDI0XC8wOFwvQ3JvZG9fVmlsbGFnZ2lvX2RlaV9Dcm9kaW5pXzIwMjRfQmFpdGFfRV9jYW1lcmFfMDE5Ml9MUi5qcGcifQ%3D%3D\">\n\t\t\t\t\t\t\t<img loading=\"lazy\" decoding=\"async\" width=\"800\" height=\"534\" src=\"https:\/\/www.villaggiodeicrodini.it\/wp-content\/uploads\/2024\/08\/Crodo_Villaggio_dei_Crodini_2024_Baita_E_camera_0192_LR-1024x683.jpg\" class=\"attachment-large size-large wp-image-3720\" alt=\"\" srcset=\"https:\/\/www.villaggiodeicrodini.it\/wp-content\/uploads\/2024\/08\/Crodo_Villaggio_dei_Crodini_2024_Baita_E_camera_0192_LR-1024x683.jpg 1024w, https:\/\/www.villaggiodeicrodini.it\/wp-content\/uploads\/2024\/08\/Crodo_Villaggio_dei_Crodini_2024_Baita_E_camera_0192_LR-300x200.jpg 300w, https:\/\/www.villaggiodeicrodini.it\/wp-content\/uploads\/2024\/08\/Crodo_Villaggio_dei_Crodini_2024_Baita_E_camera_0192_LR-768x512.jpg 768w, https:\/\/www.villaggiodeicrodini.it\/wp-content\/uploads\/2024\/08\/Crodo_Villaggio_dei_Crodini_2024_Baita_E_camera_0192_LR-1536x1024.jpg 1536w, https:\/\/www.villaggiodeicrodini.it\/wp-content\/uploads\/2024\/08\/Crodo_Villaggio_dei_Crodini_2024_Baita_E_camera_0192_LR-600x400.jpg 600w, https:\/\/www.villaggiodeicrodini.it\/wp-content\/uploads\/2024\/08\/Crodo_Villaggio_dei_Crodini_2024_Baita_E_camera_0192_LR.jpg 1800w\" sizes=\"(max-width: 800px) 100vw, 800px\" \/>\t\t\t\t\t\t\t\t<\/a>\n\t\t\t\t\t\t\t\t\t\t\t\t\t\t\t<\/div>\n\t\t\t\t<\/div>\n\t\t\t\t<div class=\"elementor-element elementor-element-d346f55 elementor-widget elementor-widget-image\" data-id=\"d346f55\" data-element_type=\"widget\" data-e-type=\"widget\" data-widget_type=\"image.default\">\n\t\t\t\t<div class=\"elementor-widget-container\">\n\t\t\t\t\t\t\t\t\t\t\t\t\t\t\t\t<a href=\"https:\/\/www.villaggiodeicrodini.it\/wp-content\/uploads\/2024\/08\/Crodo_Villaggio_dei_Crodini_2024_Baita_E_camera_0258_LR.jpg\" data-elementor-open-lightbox=\"yes\" data-elementor-lightbox-title=\"Crodo_Villaggio_dei_Crodini_2024_Baita_E_camera_0258_LR\" data-e-action-hash=\"#elementor-action%3Aaction%3Dlightbox%26settings%3DeyJpZCI6MzcyNCwidXJsIjoiaHR0cHM6XC9cL3d3dy52aWxsYWdnaW9kZWljcm9kaW5pLml0XC93cC1jb250ZW50XC91cGxvYWRzXC8yMDI0XC8wOFwvQ3JvZG9fVmlsbGFnZ2lvX2RlaV9Dcm9kaW5pXzIwMjRfQmFpdGFfRV9jYW1lcmFfMDI1OF9MUi5qcGcifQ%3D%3D\">\n\t\t\t\t\t\t\t<img loading=\"lazy\" decoding=\"async\" width=\"800\" height=\"534\" src=\"https:\/\/www.villaggiodeicrodini.it\/wp-content\/uploads\/2024\/08\/Crodo_Villaggio_dei_Crodini_2024_Baita_E_camera_0258_LR-1024x683.jpg\" class=\"attachment-large size-large wp-image-3724\" alt=\"\" srcset=\"https:\/\/www.villaggiodeicrodini.it\/wp-content\/uploads\/2024\/08\/Crodo_Villaggio_dei_Crodini_2024_Baita_E_camera_0258_LR-1024x683.jpg 1024w, https:\/\/www.villaggiodeicrodini.it\/wp-content\/uploads\/2024\/08\/Crodo_Villaggio_dei_Crodini_2024_Baita_E_camera_0258_LR-300x200.jpg 300w, https:\/\/www.villaggiodeicrodini.it\/wp-content\/uploads\/2024\/08\/Crodo_Villaggio_dei_Crodini_2024_Baita_E_camera_0258_LR-768x512.jpg 768w, https:\/\/www.villaggiodeicrodini.it\/wp-content\/uploads\/2024\/08\/Crodo_Villaggio_dei_Crodini_2024_Baita_E_camera_0258_LR-1536x1024.jpg 1536w, https:\/\/www.villaggiodeicrodini.it\/wp-content\/uploads\/2024\/08\/Crodo_Villaggio_dei_Crodini_2024_Baita_E_camera_0258_LR-600x400.jpg 600w, https:\/\/www.villaggiodeicrodini.it\/wp-content\/uploads\/2024\/08\/Crodo_Villaggio_dei_Crodini_2024_Baita_E_camera_0258_LR.jpg 1800w\" sizes=\"(max-width: 800px) 100vw, 800px\" \/>\t\t\t\t\t\t\t\t<\/a>\n\t\t\t\t\t\t\t\t\t\t\t\t\t\t\t<\/div>\n\t\t\t\t<\/div>\n\t\t\t\t<div class=\"elementor-element elementor-element-70e2bbb elementor-widget elementor-widget-image\" data-id=\"70e2bbb\" data-element_type=\"widget\" data-e-type=\"widget\" data-widget_type=\"image.default\">\n\t\t\t\t<div class=\"elementor-widget-container\">\n\t\t\t\t\t\t\t\t\t\t\t\t\t\t\t\t<a href=\"https:\/\/www.villaggiodeicrodini.it\/wp-content\/uploads\/2024\/08\/Crodo_Villaggio_dei_Crodini_2024_Baita_E_bagno_0230_LR.jpg\" data-elementor-open-lightbox=\"yes\" data-elementor-lightbox-title=\"Crodo_Villaggio_dei_Crodini_2024_Baita_E_bagno_0230_LR\" data-e-action-hash=\"#elementor-action%3Aaction%3Dlightbox%26settings%3DeyJpZCI6MzcxNiwidXJsIjoiaHR0cHM6XC9cL3d3dy52aWxsYWdnaW9kZWljcm9kaW5pLml0XC93cC1jb250ZW50XC91cGxvYWRzXC8yMDI0XC8wOFwvQ3JvZG9fVmlsbGFnZ2lvX2RlaV9Dcm9kaW5pXzIwMjRfQmFpdGFfRV9iYWdub18wMjMwX0xSLmpwZyJ9\">\n\t\t\t\t\t\t\t<img loading=\"lazy\" decoding=\"async\" width=\"1800\" height=\"1200\" src=\"https:\/\/www.villaggiodeicrodini.it\/wp-content\/uploads\/2024\/08\/Crodo_Villaggio_dei_Crodini_2024_Baita_E_bagno_0230_LR.jpg\" class=\"attachment-full size-full wp-image-3716\" alt=\"\" srcset=\"https:\/\/www.villaggiodeicrodini.it\/wp-content\/uploads\/2024\/08\/Crodo_Villaggio_dei_Crodini_2024_Baita_E_bagno_0230_LR.jpg 1800w, https:\/\/www.villaggiodeicrodini.it\/wp-content\/uploads\/2024\/08\/Crodo_Villaggio_dei_Crodini_2024_Baita_E_bagno_0230_LR-300x200.jpg 300w, https:\/\/www.villaggiodeicrodini.it\/wp-content\/uploads\/2024\/08\/Crodo_Villaggio_dei_Crodini_2024_Baita_E_bagno_0230_LR-1024x683.jpg 1024w, https:\/\/www.villaggiodeicrodini.it\/wp-content\/uploads\/2024\/08\/Crodo_Villaggio_dei_Crodini_2024_Baita_E_bagno_0230_LR-768x512.jpg 768w, https:\/\/www.villaggiodeicrodini.it\/wp-content\/uploads\/2024\/08\/Crodo_Villaggio_dei_Crodini_2024_Baita_E_bagno_0230_LR-1536x1024.jpg 1536w, https:\/\/www.villaggiodeicrodini.it\/wp-content\/uploads\/2024\/08\/Crodo_Villaggio_dei_Crodini_2024_Baita_E_bagno_0230_LR-600x400.jpg 600w\" sizes=\"(max-width: 1800px) 100vw, 1800px\" \/>\t\t\t\t\t\t\t\t<\/a>\n\t\t\t\t\t\t\t\t\t\t\t\t\t\t\t<\/div>\n\t\t\t\t<\/div>\n\t\t\t\t<div class=\"elementor-element elementor-element-156f17d elementor-widget elementor-widget-image\" data-id=\"156f17d\" data-element_type=\"widget\" data-e-type=\"widget\" data-widget_type=\"image.default\">\n\t\t\t\t<div class=\"elementor-widget-container\">\n\t\t\t\t\t\t\t\t\t\t\t\t\t\t\t\t<a href=\"https:\/\/www.villaggiodeicrodini.it\/wp-content\/uploads\/2024\/08\/Crodo_Villaggio_dei_Crodini_2024_Baita_E_camera_0266_LR.jpg\" data-elementor-open-lightbox=\"yes\" data-elementor-lightbox-title=\"Crodo_Villaggio_dei_Crodini_2024_Baita_E_camera_0266_LR\" data-e-action-hash=\"#elementor-action%3Aaction%3Dlightbox%26settings%3DeyJpZCI6MzcyOCwidXJsIjoiaHR0cHM6XC9cL3d3dy52aWxsYWdnaW9kZWljcm9kaW5pLml0XC93cC1jb250ZW50XC91cGxvYWRzXC8yMDI0XC8wOFwvQ3JvZG9fVmlsbGFnZ2lvX2RlaV9Dcm9kaW5pXzIwMjRfQmFpdGFfRV9jYW1lcmFfMDI2Nl9MUi5qcGcifQ%3D%3D\">\n\t\t\t\t\t\t\t<img loading=\"lazy\" decoding=\"async\" width=\"800\" height=\"534\" src=\"https:\/\/www.villaggiodeicrodini.it\/wp-content\/uploads\/2024\/08\/Crodo_Villaggio_dei_Crodini_2024_Baita_E_camera_0266_LR-1024x683.jpg\" class=\"attachment-large size-large wp-image-3728\" alt=\"\" srcset=\"https:\/\/www.villaggiodeicrodini.it\/wp-content\/uploads\/2024\/08\/Crodo_Villaggio_dei_Crodini_2024_Baita_E_camera_0266_LR-1024x683.jpg 1024w, https:\/\/www.villaggiodeicrodini.it\/wp-content\/uploads\/2024\/08\/Crodo_Villaggio_dei_Crodini_2024_Baita_E_camera_0266_LR-300x200.jpg 300w, https:\/\/www.villaggiodeicrodini.it\/wp-content\/uploads\/2024\/08\/Crodo_Villaggio_dei_Crodini_2024_Baita_E_camera_0266_LR-768x512.jpg 768w, https:\/\/www.villaggiodeicrodini.it\/wp-content\/uploads\/2024\/08\/Crodo_Villaggio_dei_Crodini_2024_Baita_E_camera_0266_LR-1536x1024.jpg 1536w, https:\/\/www.villaggiodeicrodini.it\/wp-content\/uploads\/2024\/08\/Crodo_Villaggio_dei_Crodini_2024_Baita_E_camera_0266_LR-600x400.jpg 600w, https:\/\/www.villaggiodeicrodini.it\/wp-content\/uploads\/2024\/08\/Crodo_Villaggio_dei_Crodini_2024_Baita_E_camera_0266_LR.jpg 1800w\" sizes=\"(max-width: 800px) 100vw, 800px\" \/>\t\t\t\t\t\t\t\t<\/a>\n\t\t\t\t\t\t\t\t\t\t\t\t\t\t\t<\/div>\n\t\t\t\t<\/div>\n\t\t\t\t<div class=\"elementor-element elementor-element-c680d0e elementor-widget elementor-widget-image\" data-id=\"c680d0e\" data-element_type=\"widget\" data-e-type=\"widget\" data-widget_type=\"image.default\">\n\t\t\t\t<div class=\"elementor-widget-container\">\n\t\t\t\t\t\t\t\t\t\t\t\t\t\t\t\t<a href=\"https:\/\/www.villaggiodeicrodini.it\/wp-content\/uploads\/2024\/08\/Crodo_Villaggio_dei_Crodini_2024_Baita_E_esterno_0208_LR.jpg\" data-elementor-open-lightbox=\"yes\" data-elementor-lightbox-title=\"Crodo_Villaggio_dei_Crodini_2024_Baita_E_esterno_0208_LR\" data-e-action-hash=\"#elementor-action%3Aaction%3Dlightbox%26settings%3DeyJpZCI6MzczMiwidXJsIjoiaHR0cHM6XC9cL3d3dy52aWxsYWdnaW9kZWljcm9kaW5pLml0XC93cC1jb250ZW50XC91cGxvYWRzXC8yMDI0XC8wOFwvQ3JvZG9fVmlsbGFnZ2lvX2RlaV9Dcm9kaW5pXzIwMjRfQmFpdGFfRV9lc3Rlcm5vXzAyMDhfTFIuanBnIn0%3D\">\n\t\t\t\t\t\t\t<img loading=\"lazy\" decoding=\"async\" width=\"800\" height=\"534\" src=\"https:\/\/www.villaggiodeicrodini.it\/wp-content\/uploads\/2024\/08\/Crodo_Villaggio_dei_Crodini_2024_Baita_E_esterno_0208_LR-1024x683.jpg\" class=\"attachment-large size-large wp-image-3732\" alt=\"\" srcset=\"https:\/\/www.villaggiodeicrodini.it\/wp-content\/uploads\/2024\/08\/Crodo_Villaggio_dei_Crodini_2024_Baita_E_esterno_0208_LR-1024x683.jpg 1024w, https:\/\/www.villaggiodeicrodini.it\/wp-content\/uploads\/2024\/08\/Crodo_Villaggio_dei_Crodini_2024_Baita_E_esterno_0208_LR-300x200.jpg 300w, https:\/\/www.villaggiodeicrodini.it\/wp-content\/uploads\/2024\/08\/Crodo_Villaggio_dei_Crodini_2024_Baita_E_esterno_0208_LR-768x512.jpg 768w, https:\/\/www.villaggiodeicrodini.it\/wp-content\/uploads\/2024\/08\/Crodo_Villaggio_dei_Crodini_2024_Baita_E_esterno_0208_LR-1536x1024.jpg 1536w, https:\/\/www.villaggiodeicrodini.it\/wp-content\/uploads\/2024\/08\/Crodo_Villaggio_dei_Crodini_2024_Baita_E_esterno_0208_LR-600x400.jpg 600w, https:\/\/www.villaggiodeicrodini.it\/wp-content\/uploads\/2024\/08\/Crodo_Villaggio_dei_Crodini_2024_Baita_E_esterno_0208_LR.jpg 1800w\" sizes=\"(max-width: 800px) 100vw, 800px\" \/>\t\t\t\t\t\t\t\t<\/a>\n\t\t\t\t\t\t\t\t\t\t\t\t\t\t\t<\/div>\n\t\t\t\t<\/div>\n\t\t\t\t\t<\/div>\n\t\t\t\t<\/div>\n\t\t<div class=\"elementor-element elementor-element-13818b2 e-flex e-con-boxed e-con e-parent\" data-id=\"13818b2\" data-element_type=\"container\" data-e-type=\"container\">\n\t\t\t\t\t<div class=\"e-con-inner\">\n\t\t\t\t<div class=\"elementor-element elementor-element-ad6176b elementor-widget elementor-widget-spacer\" data-id=\"ad6176b\" data-element_type=\"widget\" data-e-type=\"widget\" data-widget_type=\"spacer.default\">\n\t\t\t\t<div class=\"elementor-widget-container\">\n\t\t\t\t\t\t\t<div class=\"elementor-spacer\">\n\t\t\t<div class=\"elementor-spacer-inner\"><\/div>\n\t\t<\/div>\n\t\t\t\t\t\t<\/div>\n\t\t\t\t<\/div>\n\t\t<div class=\"elementor-element elementor-element-8771526 e-flex e-con-boxed e-con e-child\" data-id=\"8771526\" data-element_type=\"container\" data-e-type=\"container\">\n\t\t\t\t\t<div class=\"e-con-inner\">\n\t\t\t\t<div class=\"elementor-element elementor-element-b6b7cc5 elementor-widget__width-inherit elementor-widget elementor-widget-heading\" data-id=\"b6b7cc5\" data-element_type=\"widget\" data-e-type=\"widget\" data-widget_type=\"heading.default\">\n\t\t\t\t<div class=\"elementor-widget-container\">\n\t\t\t\t\t<h3 class=\"elementor-heading-title elementor-size-default\"><p>Services<span><\/span><\/p><\/h3>\t\t\t\t<\/div>\n\t\t\t\t<\/div>\n\t\t<div class=\"elementor-element elementor-element-e5fb446 e-flex e-con-boxed e-con e-child\" data-id=\"e5fb446\" data-element_type=\"container\" data-e-type=\"container\">\n\t\t\t\t\t<div class=\"e-con-inner\">\n\t\t\t\t<div class=\"elementor-element elementor-element-3bcfd9a elementor-widget__width-inherit elementor-widget elementor-widget-text-editor\" data-id=\"3bcfd9a\" data-element_type=\"widget\" data-e-type=\"widget\" data-widget_type=\"text-editor.default\">\n\t\t\t\t<div class=\"elementor-widget-container\">\n\t\t\t\t\t\t\t\t\t\n<table id=\"tablepress-6\" class=\"tablepress tablepress-id-6\">\n<tbody class=\"row-striping row-hover\">\n<tr class=\"row-1\">\n\t<td class=\"column-1\">TV<\/td><td class=\"column-2\">Bidet<\/td>\n<\/tr>\n<tr class=\"row-2\">\n\t<td class=\"column-1\">Wifi Starlink <\/td><td class=\"column-2\">Posto auto all&rsquo;aperto non custodito<\/td>\n<\/tr>\n<tr class=\"row-3\">\n\t<td class=\"column-1\">Appendiabiti<\/td><td class=\"column-2\">Pannelli solari<\/td>\n<\/tr>\n<tr class=\"row-4\">\n\t<td class=\"column-1\">Doccia<\/td><td class=\"column-2\">Piano induzione<\/td>\n<\/tr>\n<tr class=\"row-5\">\n\t<td class=\"column-1\">Asiugacapelli<\/td><td class=\"column-2\">Lavastoviglie<\/td>\n<\/tr>\n<tr class=\"row-6\">\n\t<td class=\"column-1\">TV satellitare<\/td><td class=\"column-2\">Stufa a legna<\/td>\n<\/tr>\n<tr class=\"row-7\">\n\t<td class=\"column-1\">Balcone<\/td><td class=\"column-2\">Riscaldamento a infrarossi<\/td>\n<\/tr>\n<tr class=\"row-8\">\n\t<td class=\"column-1\">Giardino<\/td><td class=\"column-2\">Boiler acqua calda<\/td>\n<\/tr>\n<tr class=\"row-9\">\n\t<td class=\"column-1\">Legna da ardere <\/td><td class=\"column-2\"><\/td>\n<\/tr>\n<\/tbody>\n<\/table>\n<!-- #tablepress-6 from cache -->\n\t\t\t\t\t\t\t\t<\/div>\n\t\t\t\t<\/div>\n\t\t\t\t\t<\/div>\n\t\t\t\t<\/div>\n\t\t\t\t<div class=\"elementor-element elementor-element-dfccf79 elementor-widget elementor-widget-spacer\" data-id=\"dfccf79\" data-element_type=\"widget\" data-e-type=\"widget\" data-widget_type=\"spacer.default\">\n\t\t\t\t<div class=\"elementor-widget-container\">\n\t\t\t\t\t\t\t<div class=\"elementor-spacer\">\n\t\t\t<div class=\"elementor-spacer-inner\"><\/div>\n\t\t<\/div>\n\t\t\t\t\t\t<\/div>\n\t\t\t\t<\/div>\n\t\t\t\t\t<\/div>\n\t\t\t\t<\/div>\n\t\t\t\t\t<\/div>\n\t\t\t\t<\/div>\n\t\t\t\t<\/div>\n\t\t","protected":false},"excerpt":{"rendered":"<p>Eyra Accoeuils 6 person&nbsp; &nbsp;|&nbsp; &nbsp;58 mq&nbsp; &nbsp;|&nbsp; &nbsp;1 lit double&nbsp; |&nbsp; &nbsp;1 lit superexpose&nbsp; &nbsp; |&nbsp; &nbsp;1 canape-lit Chalet pouvant accueillir jusqu&rsquo;\u00e0 6 personnes, mais id\u00e9al pour quatre.Au rez-de-chauss\u00e9e, attenant au jardin, se trouve un salon avec un canap\u00e9-lit double et un po\u00eale \u00e0 bois, ainsi qu&rsquo;un coin cuisine avec espace repas.\u00c0 l\u2019\u00e9tage nuit, [&hellip;]<\/p>\n","protected":false},"author":1,"featured_media":0,"parent":0,"menu_order":0,"comment_status":"closed","ping_status":"closed","template":"","meta":{"footnotes":""},"class_list":["post-4766","page","type-page","status-publish","hentry"],"_links":{"self":[{"href":"https:\/\/www.villaggiodeicrodini.it\/fr\/wp-json\/wp\/v2\/pages\/4766","targetHints":{"allow":["GET"]}}],"collection":[{"href":"https:\/\/www.villaggiodeicrodini.it\/fr\/wp-json\/wp\/v2\/pages"}],"about":[{"href":"https:\/\/www.villaggiodeicrodini.it\/fr\/wp-json\/wp\/v2\/types\/page"}],"author":[{"embeddable":true,"href":"https:\/\/www.villaggiodeicrodini.it\/fr\/wp-json\/wp\/v2\/users\/1"}],"replies":[{"embeddable":true,"href":"https:\/\/www.villaggiodeicrodini.it\/fr\/wp-json\/wp\/v2\/comments?post=4766"}],"version-history":[{"count":1,"href":"https:\/\/www.villaggiodeicrodini.it\/fr\/wp-json\/wp\/v2\/pages\/4766\/revisions"}],"predecessor-version":[{"id":4767,"href":"https:\/\/www.villaggiodeicrodini.it\/fr\/wp-json\/wp\/v2\/pages\/4766\/revisions\/4767"}],"wp:attachment":[{"href":"https:\/\/www.villaggiodeicrodini.it\/fr\/wp-json\/wp\/v2\/media?parent=4766"}],"curies":[{"name":"wp","href":"https:\/\/api.w.org\/{rel}","templated":true}]}}